{"id":78,"date":"2011-03-27T22:00:49","date_gmt":"2011-03-27T22:00:49","guid":{"rendered":"http:\/\/www.mareluna.it\/tf\/kassyopea\/?page_id=78"},"modified":"2013-10-14T16:40:14","modified_gmt":"2013-10-14T16:40:14","slug":"faq","status":"publish","type":"page","link":"https:\/\/www.baymro.com\/fr\/corporate\/faq\/","title":{"rendered":"Faq"},"content":{"rendered":"<h2>Pour commencer<\/h2>\n<div class=\"toggle\">\n            \t<p class=\"tab-index tab-opened\"><a href=\"#\" title=\"Fermer\" class=\"opened\">Comment trouver un fournisseur d'EPI fiable et bon march\u00e9 ?<\/a><\/p>\n\t\t\t\t<div class=\"content-tab opened\">\n\t\t\t\t\t<div class=\"arrow\">&nbsp;<\/div>\n\t\t\t\t\t<div class=\"content\"><p>Trouver un fournisseur d'EPI (\u00e9quipements de protection individuelle) fiable et proposant un bon prix demande un peu de recherche et de diligence. Voici quelques \u00e9tapes \u00e0 suivre pour trouver un fournisseur digne de confiance :<\/p>\n<ol>\n<li><strong>Recherche en ligne<\/strong>: Commencez par rechercher des fournisseurs d'EPI en ligne. Recherchez des entreprises r\u00e9put\u00e9es qui ont l'habitude de fournir des produits de qualit\u00e9. V\u00e9rifiez leurs sites web, les avis de leurs clients et les certifications qu'elles peuvent avoir.<\/li>\n<li><strong>Consulter les annuaires de fournisseurs<\/strong>: Il existe plusieurs r\u00e9pertoires de fournisseurs et plateformes commerciales o\u00f9 vous pouvez trouver une liste de fournisseurs d'EPI. Des sites web comme Alibaba et Made-in-China en sont quelques exemples.<\/li>\n<li><strong>V\u00e9rifier les certifications et la conformit\u00e9<\/strong>: Assurez-vous que le fournisseur respecte les normes de s\u00e9curit\u00e9 et les certifications requises pour les EPI. En fonction de votre situation g\u00e9ographique et du type d'EPI dont vous avez besoin, il peut y avoir des r\u00e9glementations sp\u00e9cifiques \u00e0 respecter.<\/li>\n<li><strong>Demande d'\u00e9chantillons<\/strong>: Avant de passer une commande importante, demandez des \u00e9chantillons des produits EPI qui vous int\u00e9ressent. Cela vous permettra d'\u00e9valuer la qualit\u00e9 et l'ad\u00e9quation des articles.<\/li>\n<li><strong>Obtenir plusieurs devis<\/strong>: Contactez plusieurs fournisseurs et demandez des devis pour les produits EPI dont vous avez besoin. Comparez les prix, mais tenez \u00e9galement compte d'autres facteurs tels que les frais d'exp\u00e9dition, les d\u00e9lais de livraison et le service \u00e0 la client\u00e8le.<\/li>\n<li><strong>V\u00e9rifier les r\u00e9f\u00e9rences<\/strong>: Demandez au fournisseur des r\u00e9f\u00e9rences ou des t\u00e9moignages d'anciens clients. Contactez ces r\u00e9f\u00e9rences pour obtenir un retour d'information sur leur exp\u00e9rience avec le fournisseur.<\/li>\n<li><strong>Communiquer clairement<\/strong>: \u00c9tablissez une communication claire avec le fournisseur. Posez des questions sur son processus de production, ses mesures de contr\u00f4le de la qualit\u00e9 et ses conditions de paiement.<\/li>\n<li><strong>Visiter le fournisseur (si possible)<\/strong>: Si possible, envisagez de visiter les installations du fournisseur pour inspecter ses activit\u00e9s et rencontrer son \u00e9quipe en personne. Cela peut donner des indications pr\u00e9cieuses sur ses capacit\u00e9s et sa fiabilit\u00e9.<\/li>\n<li><strong>Attention aux escroqueries<\/strong>: M\u00e9fiez-vous des fournisseurs qui proposent des prix nettement inf\u00e9rieurs \u00e0 la moyenne du march\u00e9. Si une offre semble trop belle pour \u00eatre vraie, il s'agit peut-\u00eatre d'un signal d'alarme pour des escroqueries potentielles.<\/li>\n<li><strong>N\u00e9gocier les termes du contrat<\/strong>: Une fois que vous avez identifi\u00e9 un fournisseur fiable, n\u00e9gociez les termes du contrat, y compris les conditions de paiement, le calendrier de livraison et l'assurance qualit\u00e9.<\/li>\n<li><strong>Commencer par une petite commande<\/strong>: Pour limiter les risques, commencez par une petite commande afin de tester les performances du fournisseur avant de vous engager sur des quantit\u00e9s plus importantes.<\/li>\n<li><strong>Contr\u00f4ler les performances<\/strong>: M\u00eame apr\u00e8s avoir conclu l'accord, suivez les performances du fournisseur pour vous assurer qu'il maintient une qualit\u00e9 constante et qu'il respecte les d\u00e9lais de livraison.<\/li>\n<\/ol>\n<p>N'oubliez pas que trouver un fournisseur d'EPI fiable est crucial pour la s\u00e9curit\u00e9 de vos employ\u00e9s ou de vos clients, alors prenez le temps d'examiner minutieusement les fournisseurs potentiels avant de prendre une d\u00e9cision.<\/p>\n<\/div>\n\t\t\t\t<\/div>\t\n\t\t\t<\/div><div class=\"toggle\">\n            \t<p class=\"tab-index tab-opened\"><a href=\"#\" title=\"Ouvrir\" class=\"\">Que faisons-nous ?<\/a><\/p>\n\t\t\t\t<div class=\"content-tab\">\n\t\t\t\t\t<div class=\"arrow\">&nbsp;<\/div>\n\t\t\t\t\t<div class=\"content\"><div class=\"msg-info\">\n<div class=\"msg-info-name\">ChatGPT<\/div>\n<div class=\"msg-info-time\"><\/div>\n<\/div>\n<div id=\"8ef7e0ca-b93d-427d-8c19-9944f6f41eb7\" class=\"msg-text\">En tant que mod\u00e8le linguistique d'IA, je ne suis pas en mesure de fournir des avis ou des critiques sur les entreprises. Toutefois, je peux vous fournir des informations g\u00e9n\u00e9rales sur Baymro Safety China :<\/p>\n<p>Baymro Safety China est une entreprise sp\u00e9cialis\u00e9e dans la conception, la production et la distribution d'\u00e9quipements de protection individuelle (EPI) pour diff\u00e9rentes industries. Ses produits comprennent des v\u00eatements de protection, des gants de s\u00e9curit\u00e9, des lunettes de protection, des appareils de protection respiratoire, etc. L'entreprise vise \u00e0 fournir des EPI de haute qualit\u00e9 \u00e0 des clients du monde entier et a conclu des partenariats avec diverses marques internationales. Baymro Safety China propose \u00e9galement des solutions personnalis\u00e9es en fonction des besoins et des exigences des clients.<\/p><\/div>\n<\/div>\n\t\t\t\t<\/div>\t\n\t\t\t<\/div><div class=\"toggle\">\n            \t<p class=\"tab-index tab-opened\"><a href=\"#\" title=\"Ouvrir\" class=\"\">Comment trouver le meilleur fournisseur d'EPI en Chine ?<\/a><\/p>\n\t\t\t\t<div class=\"content-tab\">\n\t\t\t\t\t<div class=\"arrow\">&nbsp;<\/div>\n\t\t\t\t\t<div class=\"content\"><div class=\"msg-info\">\n<div class=\"msg-info-name\">ChatGPT<\/div>\n<div class=\"msg-info-time\"><\/div>\n<\/div>\n<div id=\"9c2f2440-b700-41e8-bed7-13d9fdaddb6e\" class=\"msg-text\">1. Recherche et v\u00e9rification : commencez par faire des recherches en ligne sur le fournisseur et v\u00e9rifiez ses r\u00e9f\u00e9rences. V\u00e9rifiez son site web, les avis et les t\u00e9moignages de ses anciens clients, ses certifications et ses licences pour vous assurer qu'il s'agit d'un fournisseur d'EPI l\u00e9gitime en Chine.<\/p>\n<p>2. V\u00e9rifier la capacit\u00e9 de production : Assurez-vous que le fournisseur dispose d'une capacit\u00e9 de production suffisante pour r\u00e9pondre \u00e0 vos besoins. V\u00e9rifiez ses installations de production, ses machines et sa main-d'\u0153uvre pour vous assurer qu'il a la capacit\u00e9 d'honorer votre commande.<\/p>\n<p>3. Contr\u00f4le de la qualit\u00e9 : Recherchez un fournisseur qui dispose d'un solide syst\u00e8me de contr\u00f4le de la qualit\u00e9. Assurez-vous qu'il respecte les normes et r\u00e9glementations internationales.<\/p>\n<p>4. La communication : La communication est la cl\u00e9 d'une relation commerciale fructueuse. Choisissez un fournisseur qui peut communiquer clairement et efficacement dans votre langue et qui est attentif \u00e0 vos demandes.<\/p>\n<p>5. D\u00e9lais d'ex\u00e9cution : Tenez compte des d\u00e9lais de livraison du fournisseur au moment de prendre votre d\u00e9cision. Assurez-vous qu'il est en mesure de livrer les quantit\u00e9s requises dans les d\u00e9lais impartis.<\/p>\n<p>6. Prix et conditions de paiement : Le prix est important, mais il ne doit pas \u00eatre le seul facteur \u00e0 prendre en consid\u00e9ration. Cherchez un fournisseur qui propose des prix \u00e9quitables et des modalit\u00e9s de paiement souples qui vous conviennent.<\/p>\n<p>7. Logistique : Enfin, assurez-vous que le fournisseur peut g\u00e9rer la logistique de mani\u00e8re efficace. Il doit \u00eatre en mesure d'organiser l'exp\u00e9dition, le d\u00e9douanement et la livraison sur votre site.<\/p>\n<p>En suivant ces \u00e9tapes, vous pourrez trouver un fournisseur d'EPI fiable en Chine qui pourra vous fournir des EPI de haute qualit\u00e9 r\u00e9pondant \u00e0 vos besoins.<\/p><\/div>\n<div><\/div>\n<div>Nous esp\u00e9rons que BAYMRO Safety pourra \u00eatre votre fournisseur fiable d'EPI en Chine.<\/div>\n<\/div>\n\t\t\t\t<\/div>\t\n\t\t\t<\/div><div class=\"toggle\">\n            \t<p class=\"tab-index tab-opened\"><a href=\"#\" title=\"Ouvrir\" class=\"\">Pouvez-vous fournir des EPI contre la pand\u00e9mie de Covid-2019 ?<\/a><\/p>\n\t\t\t\t<div class=\"content-tab\">\n\t\t\t\t\t<div class=\"arrow\">&nbsp;<\/div>\n\t\t\t\t\t<div class=\"content\"><p>Oui, nous pouvons fournir les articles EPI ci-dessous,<\/p>\n<p>Masques antibrouillard jetables, masques N95, masques FFP2, masques FFP3, masques KN95, lunettes antibrouillard, gants en nitrile jetables, combinaisons industrielles jetables EN 14126, combinaisons m\u00e9dicales jetables GB19082-2009, blouses en non-tiss\u00e9, couvre-chef en non-tiss\u00e9, couvre-chaussures en non-tiss\u00e9, sacs de corps, etc...<\/p>\n<p>&nbsp;<\/p>\n<p>Baymro Safety China 2020<\/p>\n<\/div>\n\t\t\t\t<\/div>\t\n\t\t\t<\/div><div class=\"toggle\">\n            \t<p class=\"tab-index tab-opened\"><a href=\"#\" title=\"Ouvrir\" class=\"\">Tous les produits EPI sont-ils r\u00e9pertori\u00e9s sur votre site web ?<\/a><\/p>\n\t\t\t\t<div class=\"content-tab\">\n\t\t\t\t\t<div class=\"arrow\">&nbsp;<\/div>\n\t\t\t\t\t<div class=\"content\"><p align=\"left\">Bien s\u00fbr, nous n'avons pas list\u00e9 tous les produits, notre activit\u00e9 s'\u00e9tend de la s\u00e9rie EPI \u00e0 la s\u00e9rie MRO ; faites-nous savoir ce que vous recherchez.<\/p>\n<p align=\"left\">Nous faisons de l'ESS, nous connaissons le march\u00e9.<\/p>\n<p>&nbsp;<\/p>\n<p>&nbsp;<\/p>\n<p>Baymro Safety China<\/p>\n<\/div>\n\t\t\t\t<\/div>\t\n\t\t\t<\/div><div class=\"toggle\">\n            \t<p class=\"tab-index tab-opened\"><a href=\"#\" title=\"Ouvrir\" class=\"\">Un retour d'information par courrier \u00e9lectronique bient\u00f4t ?<\/a><\/p>\n\t\t\t\t<div class=\"content-tab\">\n\t\t\t\t\t<div class=\"arrow\">&nbsp;<\/div>\n\t\t\t\t\t<div class=\"content\"><p align=\"left\">Oui, une r\u00e9ponse par courrier \u00e9lectronique dans les 24 heures et un suivi par t\u00e9l\u00e9phone sont n\u00e9cessaires.<\/p>\n<p>\u00a0Baymro Safety China<\/p>\n<\/div>\n\t\t\t\t<\/div>\t\n\t\t\t<\/div><div class=\"toggle\">\n            \t<p class=\"tab-index tab-opened\"><a href=\"#\" title=\"Ouvrir\" class=\"\">\u00c9chantillons possibles\uff1f<\/a><\/p>\n\t\t\t\t<div class=\"content-tab\">\n\t\t\t\t\t<div class=\"arrow\">&nbsp;<\/div>\n\t\t\t\t\t<div class=\"content\"><p>Bien s\u00fbr, des \u00e9chantillons sont disponibles.<\/p>\n<p>Nous pr\u00e9f\u00e9rons recevoir le <strong>frais d'\u00e9chantillons et de transport<\/strong> \u00e0 l'avance, d'ailleurs, <span style=\"color: #000000;\">\u00e9chantillons<\/span> <span style=\"color: #000000;\">charge<\/span> sera d\u00e9duit de l'ordre suivant.<\/p>\n<p>&nbsp;<\/p>\n<p>Baymro Safety China<\/p>\n<\/div>\n\t\t\t\t<\/div>\t\n\t\t\t<\/div><div class=\"toggle\">\n            \t<p class=\"tab-index tab-opened\"><a href=\"#\" title=\"Ouvrir\" class=\"\">Le prix le plus bas en Chine ?<\/a><\/p>\n\t\t\t\t<div class=\"content-tab\">\n\t\t\t\t\t<div class=\"arrow\">&nbsp;<\/div>\n\t\t\t\t\t<div class=\"content\"><p align=\"left\">Bonne question.<\/p>\n<p align=\"left\">Non pas les plus bas, mais les plus comp\u00e9titifs.<\/p>\n<p align=\"left\">Les gens ont dit, <i>on en a pour son argent.<\/i><\/p>\n<p>&nbsp;<\/p>\n<p>Baymro Safety China<\/p>\n<\/div>\n\t\t\t\t<\/div>\t\n\t\t\t<\/div><div class=\"toggle\">\n            \t<p class=\"tab-index tab-opened\"><a href=\"#\" title=\"Ouvrir\" class=\"\">Bonne qualit\u00e9 ?<\/a><\/p>\n\t\t\t\t<div class=\"content-tab\">\n\t\t\t\t\t<div class=\"arrow\">&nbsp;<\/div>\n\t\t\t\t\t<div class=\"content\"><p align=\"left\">Bien s\u00fbr, la qualit\u00e9 est tout, et tout est qualit\u00e9.<\/p>\n<p align=\"left\">Nous recevons de tr\u00e8s bons commentaires de la part de nos clients finaux, qu'ils soient nationaux ou \u00e9trangers. Nous garantissons la qualit\u00e9 et vous pouvez \u00eatre rembours\u00e9s int\u00e9gralement en cas d'erreur.<\/p>\n<p align=\"left\">\n<p align=\"left\">Baymro Safety China<\/p>\n<\/div>\n\t\t\t\t<\/div>\t\n\t\t\t<\/div><div class=\"toggle\">\n            \t<p class=\"tab-index tab-opened\"><a href=\"#\" title=\"Ouvrir\" class=\"\">Quel type d'activit\u00e9 exercez-vous ?<\/a><\/p>\n\t\t\t\t<div class=\"content-tab\">\n\t\t\t\t\t<div class=\"arrow\">&nbsp;<\/div>\n\t\t\t\t\t<div class=\"content\"><p align=\"left\">Nous proposons des services d'EPI OEM et nous importons et exportons des produits de marques r\u00e9put\u00e9es, telles que Honeywell.<\/p>\n<p>&nbsp;<\/p>\n<p>Baymro Safety China<\/p>\n<\/div>\n\t\t\t\t<\/div>\t\n\t\t\t<\/div><div class=\"toggle\">\n            \t<p class=\"tab-index tab-opened\"><a href=\"#\" title=\"Ouvrir\" class=\"\">Pourquoi un groupe multinational choisit-il Baymro comme fournisseur ?<\/a><\/p>\n\t\t\t\t<div class=\"content-tab\">\n\t\t\t\t\t<div class=\"arrow\">&nbsp;<\/div>\n\t\t\t\t\t<div class=\"content\"><p><strong><em>Nous avons s\u00e9lectionn\u00e9 le bon produit pour r\u00e9pondre chaque jour aux exigences de l'ESS.<\/em><\/strong><\/p>\n<p><strong><em>Notre objectif, en r\u00e9pondant aux exigences de nos clients, est de faire en sorte que l'ESS soit facile \u00e0 mettre en \u0153uvre.<\/em><\/strong><\/p>\n<p><strong><em>Nous faisons de l'ESS, nous connaissons le march\u00e9.<\/em><\/strong><\/p>\n<\/div>\n\t\t\t\t<\/div>\t\n\t\t\t<\/div>","protected":false},"excerpt":{"rendered":"<p>Pour commencer<\/p>","protected":false},"author":1,"featured_media":0,"parent":46,"menu_order":0,"comment_status":"closed","ping_status":"open","template":"","meta":{"_monsterinsights_skip_tracking":false,"_monsterinsights_sitenote_active":false,"_monsterinsights_sitenote_note":"","_monsterinsights_sitenote_category":0,"footnotes":""},"class_list":["post-78","page","type-page","status-publish","hentry"],"jetpack_sharing_enabled":true,"_links":{"self":[{"href":"https:\/\/www.baymro.com\/fr\/wp-json\/wp\/v2\/pages\/78","targetHints":{"allow":["GET"]}}],"collection":[{"href":"https:\/\/www.baymro.com\/fr\/wp-json\/wp\/v2\/pages"}],"about":[{"href":"https:\/\/www.baymro.com\/fr\/wp-json\/wp\/v2\/types\/page"}],"author":[{"embeddable":true,"href":"https:\/\/www.baymro.com\/fr\/wp-json\/wp\/v2\/users\/1"}],"replies":[{"embeddable":true,"href":"https:\/\/www.baymro.com\/fr\/wp-json\/wp\/v2\/comments?post=78"}],"version-history":[{"count":16,"href":"https:\/\/www.baymro.com\/fr\/wp-json\/wp\/v2\/pages\/78\/revisions"}],"predecessor-version":[{"id":6355,"href":"https:\/\/www.baymro.com\/fr\/wp-json\/wp\/v2\/pages\/78\/revisions\/6355"}],"up":[{"embeddable":true,"href":"https:\/\/www.baymro.com\/fr\/wp-json\/wp\/v2\/pages\/46"}],"wp:attachment":[{"href":"https:\/\/www.baymro.com\/fr\/wp-json\/wp\/v2\/media?parent=78"}],"curies":[{"name":"wp","href":"https:\/\/api.w.org\/{rel}","templated":true}]}}