{"id":3468,"date":"2013-08-31T05:01:19","date_gmt":"2013-08-31T05:01:19","guid":{"rendered":"https:\/\/www.baymro.com\/?page_id=3468"},"modified":"2022-07-25T09:07:28","modified_gmt":"2022-07-25T09:07:28","slug":"about-us","status":"publish","type":"page","link":"https:\/\/www.baymro.com\/fr\/a-propos-de-nous\/","title":{"rendered":"A propos de nous"},"content":{"rendered":"<div class=\"wp-block-columns is-layout-flex wp-container-core-columns-is-layout-9d6595d7 wp-block-columns-is-layout-flex\">\n<div class=\"wp-block-column is-layout-flow wp-block-column-is-layout-flow\" style=\"flex-basis:100%\">\n<div class=\"wp-block-columns is-layout-flex wp-container-core-columns-is-layout-9d6595d7 wp-block-columns-is-layout-flex\">\n<div class=\"wp-block-column is-layout-flow wp-block-column-is-layout-flow\" style=\"flex-basis:100%\">\n<div class=\"wp-block-columns is-layout-flex wp-container-core-columns-is-layout-9d6595d7 wp-block-columns-is-layout-flex\">\n<div class=\"wp-block-column is-layout-flow wp-block-column-is-layout-flow\" style=\"flex-basis:66.66%\">\n<figure class=\"wp-block-image size-full is-resized is-style-default\"><img fetchpriority=\"high\" decoding=\"async\" src=\"https:\/\/www.baymro.com\/wp-content\/uploads\/2021\/03\/Fight-against-Covid-19-Baymro-Safety-is-with-you.jpg\" alt=\"Luttez contre Covid-19, Baymro Safety vous accompagne\" class=\"wp-image-4516\" width=\"530\" height=\"300\"\/><figcaption>Luttez contre Covid-19, Baymro Safety vous accompagne<\/figcaption><\/figure>\n<\/div>\n\n\n\n<div class=\"wp-block-column is-layout-flow wp-block-column-is-layout-flow\" style=\"flex-basis:33.33%\">\n<p class=\"has-text-align-center\"><strong>Qui sommes-nous ?<\/strong><\/p>\n\n\n\n<p><strong>Nous, <span class=\"has-inline-color has-vivid-green-cyan-color\">Baymro Safety China<\/span>, commencer<span class=\"has-inline-color has-vivid-green-cyan-color\"> Fournisseur d'EPI<\/span> \u00e0 un fournisseur MRO depuis 2005.<\/strong><\/p>\n\n\n\n<p><strong>En tant que l'un des principaux fabricants et exportateurs d'EPI en Chine, nous proposons \u00e0 nos importateurs\/distributeurs\/partenaires des EPI fiables \u00e0 des prix mod\u00e9r\u00e9s. <\/strong><\/p>\n<\/div>\n<\/div>\n<\/div>\n<\/div>\n<\/div>\n<\/div>\n\n\n\n<div class=\"wp-block-columns is-layout-flex wp-container-core-columns-is-layout-9d6595d7 wp-block-columns-is-layout-flex\">\n<div class=\"wp-block-column is-layout-flow wp-block-column-is-layout-flow\" style=\"flex-basis:66.66%\">\n<div class=\"wp-block-image\"><figure class=\"aligncenter size-full is-resized\"><img decoding=\"async\" src=\"https:\/\/www.baymro.com\/wp-content\/uploads\/2021\/03\/PPE-logos.jpg\" alt=\"PPE et son partenaire de marque\" class=\"wp-image-4521\" width=\"530\" height=\"300\" srcset=\"https:\/\/www.baymro.com\/wp-content\/uploads\/2021\/03\/PPE-logos.jpg 1502w, https:\/\/www.baymro.com\/wp-content\/uploads\/2021\/03\/PPE-logos-300x170.jpg 300w, https:\/\/www.baymro.com\/wp-content\/uploads\/2021\/03\/PPE-logos-1024x579.jpg 1024w, https:\/\/www.baymro.com\/wp-content\/uploads\/2021\/03\/PPE-logos-768x435.jpg 768w, https:\/\/www.baymro.com\/wp-content\/uploads\/2021\/03\/PPE-logos-148x84.jpg 148w, https:\/\/www.baymro.com\/wp-content\/uploads\/2021\/03\/PPE-logos-31x18.jpg 31w, https:\/\/www.baymro.com\/wp-content\/uploads\/2021\/03\/PPE-logos-38x22.jpg 38w, https:\/\/www.baymro.com\/wp-content\/uploads\/2021\/03\/PPE-logos-380x215.jpg 380w, https:\/\/www.baymro.com\/wp-content\/uploads\/2021\/03\/PPE-logos-68x38.jpg 68w\" sizes=\"(max-width: 530px) 100vw, 530px\" \/><figcaption>PPE et son partenaire de marque<\/figcaption><\/figure><\/div>\n<\/div>\n\n\n\n<div class=\"wp-block-column is-layout-flow wp-block-column-is-layout-flow\" style=\"flex-basis:33.33%\">\n<p class=\"has-text-align-center\"><strong>Nos partenaires<\/strong><\/p>\n\n\n\n<p><strong>BAYMRO offre des services flexibles et<span class=\"has-inline-color has-vivid-green-cyan-color\"> Solutions d'EPI cl\u00e9s en main<\/span> qui permettent aux clients de d\u00e9l\u00e9guer les t\u00e2ches essentielles du projet. Nos professionnels exp\u00e9riment\u00e9s et qualifi\u00e9s permettent aux clients de se concentrer sur d'autres aspects du projet, en sachant que le cycle d'approvisionnement est entre de bonnes mains.<\/strong><\/p>\n<\/div>\n<\/div>\n\n\n\n<p><\/p>\n\n\n\n<div class=\"wp-block-columns is-layout-flex wp-container-core-columns-is-layout-9d6595d7 wp-block-columns-is-layout-flex\">\n<div class=\"wp-block-column is-layout-flow wp-block-column-is-layout-flow\" style=\"flex-basis:66.66%\">\n<figure class=\"wp-block-image size-full is-resized is-style-default\"><img decoding=\"async\" src=\"https:\/\/www.baymro.com\/wp-content\/uploads\/2021\/03\/PPE-items.jpg\" alt=\"Fournisseur d&#039;EPI en Chine\" class=\"wp-image-4520\" width=\"530\" height=\"300\" srcset=\"https:\/\/www.baymro.com\/wp-content\/uploads\/2021\/03\/PPE-items.jpg 1502w, https:\/\/www.baymro.com\/wp-content\/uploads\/2021\/03\/PPE-items-300x170.jpg 300w, https:\/\/www.baymro.com\/wp-content\/uploads\/2021\/03\/PPE-items-1024x579.jpg 1024w, https:\/\/www.baymro.com\/wp-content\/uploads\/2021\/03\/PPE-items-768x435.jpg 768w, https:\/\/www.baymro.com\/wp-content\/uploads\/2021\/03\/PPE-items-148x84.jpg 148w, https:\/\/www.baymro.com\/wp-content\/uploads\/2021\/03\/PPE-items-31x18.jpg 31w, https:\/\/www.baymro.com\/wp-content\/uploads\/2021\/03\/PPE-items-38x22.jpg 38w, https:\/\/www.baymro.com\/wp-content\/uploads\/2021\/03\/PPE-items-380x215.jpg 380w, https:\/\/www.baymro.com\/wp-content\/uploads\/2021\/03\/PPE-items-68x38.jpg 68w\" sizes=\"(max-width: 530px) 100vw, 530px\" \/><figcaption>Fournisseur d'EPI en Chine<\/figcaption><\/figure>\n<\/div>\n\n\n\n<div class=\"wp-block-column is-layout-flow wp-block-column-is-layout-flow\" style=\"flex-basis:33.33%\">\n<p class=\"has-text-align-center\"><strong>Ce que nous fournissons<\/strong><\/p>\n\n\n\n<p><strong>Se r\u00e9f\u00e9rer \u00e0<span class=\"has-inline-color has-vivid-green-cyan-color\"> Visage et t\u00eate <\/span>Protection,<span class=\"has-inline-color has-vivid-green-cyan-color\"> L'\u0153il<\/span> Protection, <span class=\"has-inline-color has-vivid-green-cyan-color\">Respiratoire<\/span> Protection, <span class=\"has-inline-color has-vivid-green-cyan-color\">Corps<\/span> Protection, <span class=\"has-inline-color has-vivid-green-cyan-color\">La main<\/span> Protection, <span class=\"has-inline-color has-vivid-green-cyan-color\">Pied <\/span>Protection, <span class=\"has-inline-color has-vivid-green-cyan-color\">Automne <\/span>Protection, <span class=\"has-inline-color has-vivid-green-cyan-color\">\u00c9quipement de premiers secours et d'urgence<\/span>,<span class=\"has-inline-color has-vivid-green-cyan-color\"> Syst\u00e8me de confinement de s\u00e9curit\u00e9<\/span>,&nbsp; <span class=\"has-inline-color has-vivid-green-cyan-color\">Contr\u00f4le des d\u00e9versements<\/span> &amp; Gestion, <span class=\"has-inline-color has-vivid-green-cyan-color\">Examen de l'environnement <\/span>\u00c9quipement, <span class=\"has-inline-color has-vivid-green-cyan-color\">\u00c9quipement d'avertissement<\/span> etc.<\/strong><\/p>\n<\/div>\n<\/div>\n\n\n\n<div class=\"wp-block-columns is-layout-flex wp-container-core-columns-is-layout-9d6595d7 wp-block-columns-is-layout-flex\">\n<div class=\"wp-block-column is-layout-flow wp-block-column-is-layout-flow\" style=\"flex-basis:66.66%\">\n<figure class=\"wp-block-image size-full is-resized is-style-default\"><img loading=\"lazy\" decoding=\"async\" src=\"https:\/\/www.baymro.com\/wp-content\/uploads\/2021\/03\/UN-PPE-projects-records.jpg\" alt=\"Dossiers des projets EPI de l&#039;ONU\" class=\"wp-image-4523\" width=\"530\" height=\"300\"\/><figcaption>Dossiers des projets EPI de l'ONU<\/figcaption><\/figure>\n<\/div>\n\n\n\n<div class=\"wp-block-column is-layout-flow wp-block-column-is-layout-flow\" style=\"flex-basis:33.33%\">\n<p class=\"has-text-align-center\"><strong><span class=\"has-inline-color has-vivid-green-cyan-color\">Solutions EPI cl\u00e9s en main<\/span><\/strong><\/p>\n\n\n\n<p><strong><br>BAYMRO a toujours fourni \u00e0 ses clients des services de grande valeur, dans les d\u00e9lais impartis et \u00e0 des prix comp\u00e9titifs. <\/strong><\/p>\n\n\n\n<p><strong><span class=\"has-inline-color has-vivid-green-cyan-color\">Produit EPI alternatif<\/span>r\u00e9pondent aux normes CE\/ANSI\/GB sans compromettre la qualit\u00e9.<\/strong><\/p>\n<\/div>\n<\/div>\n\n\n\n<div class=\"wp-block-columns is-layout-flex wp-container-core-columns-is-layout-9d6595d7 wp-block-columns-is-layout-flex\">\n<div class=\"wp-block-column is-layout-flow wp-block-column-is-layout-flow\" style=\"flex-basis:66.66%\">\n<figure class=\"wp-block-image size-full is-resized is-style-default\"><img loading=\"lazy\" decoding=\"async\" src=\"https:\/\/www.baymro.com\/wp-content\/uploads\/2021\/03\/Baymro-Safety-ISO-9001-Certificates.jpg\" alt=\"Baymro Safety ISO 9001 et certificats\" class=\"wp-image-4515\" width=\"530\" height=\"300\" srcset=\"https:\/\/www.baymro.com\/wp-content\/uploads\/2021\/03\/Baymro-Safety-ISO-9001-Certificates.jpg 1502w, https:\/\/www.baymro.com\/wp-content\/uploads\/2021\/03\/Baymro-Safety-ISO-9001-Certificates-300x170.jpg 300w, https:\/\/www.baymro.com\/wp-content\/uploads\/2021\/03\/Baymro-Safety-ISO-9001-Certificates-1024x579.jpg 1024w, https:\/\/www.baymro.com\/wp-content\/uploads\/2021\/03\/Baymro-Safety-ISO-9001-Certificates-768x435.jpg 768w, https:\/\/www.baymro.com\/wp-content\/uploads\/2021\/03\/Baymro-Safety-ISO-9001-Certificates-148x84.jpg 148w, https:\/\/www.baymro.com\/wp-content\/uploads\/2021\/03\/Baymro-Safety-ISO-9001-Certificates-31x18.jpg 31w, https:\/\/www.baymro.com\/wp-content\/uploads\/2021\/03\/Baymro-Safety-ISO-9001-Certificates-38x22.jpg 38w, https:\/\/www.baymro.com\/wp-content\/uploads\/2021\/03\/Baymro-Safety-ISO-9001-Certificates-380x215.jpg 380w, https:\/\/www.baymro.com\/wp-content\/uploads\/2021\/03\/Baymro-Safety-ISO-9001-Certificates-68x38.jpg 68w\" sizes=\"(max-width: 530px) 100vw, 530px\" \/><figcaption>Baymro Safety ISO 9001 et certificats<\/figcaption><\/figure>\n<\/div>\n\n\n\n<div class=\"wp-block-column is-layout-flow wp-block-column-is-layout-flow\" style=\"flex-basis:33.33%\">\n<p class=\"has-text-align-center\"><strong>Fournisseur d'EPI certifi\u00e9 ISO 9001:2015 par Intertek<\/strong><\/p>\n\n\n\n<p><strong>Notre soci\u00e9t\u00e9 a obtenu le \"National Industrial Production Permit\", le \"Special Labor Protective Safety Signs Certificate\" et le certificat CE. <span class=\"has-inline-color has-vivid-green-cyan-color\">ISO9001:2015 <\/span>Certificat de syst\u00e8me de qualit\u00e9 international<span class=\"has-inline-color has-vivid-green-cyan-color\"> par Intertek<\/span>.<\/strong><\/p>\n<\/div>\n<\/div>\n\n\n\n<div class=\"wp-block-columns is-layout-flex wp-container-core-columns-is-layout-9d6595d7 wp-block-columns-is-layout-flex\">\n<div class=\"wp-block-column is-layout-flow wp-block-column-is-layout-flow\" style=\"flex-basis:66.66%\">\n<figure class=\"wp-block-image size-full is-resized is-style-default\"><img loading=\"lazy\" decoding=\"async\" src=\"https:\/\/www.baymro.com\/wp-content\/uploads\/2013\/04\/new-logo1.jpg\" alt=\"baymro PPE fournisseur Chine\" class=\"wp-image-3208\" width=\"530\" height=\"300\"\/><figcaption>baymro PPE fournisseur Chine<\/figcaption><\/figure>\n<\/div>\n\n\n\n<div class=\"wp-block-column is-vertically-aligned-center is-layout-flow wp-block-column-is-layout-flow\" style=\"flex-basis:33.33%\">\n<p><strong>Nous le faisons <span class=\"has-inline-color has-vivid-green-cyan-color\">EHS<\/span>, nous connaissons les <span class=\"has-inline-color has-vivid-green-cyan-color\">Normes EPI<\/span>.<\/strong><\/p>\n<\/div>\n<\/div>","protected":false},"excerpt":{"rendered":"<p>Who We Are We, Baymro Safety China, start PPE supplier to MRO supplier since 2005. As one of the leading PPE manufacturers and exporters in China, we bring our importers\/distribtors\/partners reliable PPE supply and moderate price. Our Partners BAYMRO offers flexible and turn-key PPE solutions that enable clients to delegate vital project tasks. Our Experienced [&hellip;]<\/p>","protected":false},"author":1,"featured_media":0,"parent":0,"menu_order":0,"comment_status":"closed","ping_status":"open","template":"","meta":{"_monsterinsights_skip_tracking":false,"_monsterinsights_sitenote_active":false,"_monsterinsights_sitenote_note":"","_monsterinsights_sitenote_category":0,"footnotes":""},"class_list":["post-3468","page","type-page","status-publish","hentry"],"jetpack_sharing_enabled":true,"_links":{"self":[{"href":"https:\/\/www.baymro.com\/fr\/wp-json\/wp\/v2\/pages\/3468","targetHints":{"allow":["GET"]}}],"collection":[{"href":"https:\/\/www.baymro.com\/fr\/wp-json\/wp\/v2\/pages"}],"about":[{"href":"https:\/\/www.baymro.com\/fr\/wp-json\/wp\/v2\/types\/page"}],"author":[{"embeddable":true,"href":"https:\/\/www.baymro.com\/fr\/wp-json\/wp\/v2\/users\/1"}],"replies":[{"embeddable":true,"href":"https:\/\/www.baymro.com\/fr\/wp-json\/wp\/v2\/comments?post=3468"}],"version-history":[{"count":5,"href":"https:\/\/www.baymro.com\/fr\/wp-json\/wp\/v2\/pages\/3468\/revisions"}],"predecessor-version":[{"id":6710,"href":"https:\/\/www.baymro.com\/fr\/wp-json\/wp\/v2\/pages\/3468\/revisions\/6710"}],"wp:attachment":[{"href":"https:\/\/www.baymro.com\/fr\/wp-json\/wp\/v2\/media?parent=3468"}],"curies":[{"name":"wp","href":"https:\/\/api.w.org\/{rel}","templated":true}]}}