{"id":3468,"date":"2013-08-31T05:01:19","date_gmt":"2013-08-31T05:01:19","guid":{"rendered":"https:\/\/www.baymro.com\/?page_id=3468"},"modified":"2022-07-25T09:07:28","modified_gmt":"2022-07-25T09:07:28","slug":"about-us","status":"publish","type":"page","link":"https:\/\/www.baymro.com\/es\/acerca-de-nosotros\/","title":{"rendered":"Qui\u00e9nes somos"},"content":{"rendered":"<div class=\"wp-block-columns is-layout-flex wp-container-core-columns-is-layout-9d6595d7 wp-block-columns-is-layout-flex\">\n<div class=\"wp-block-column is-layout-flow wp-block-column-is-layout-flow\" style=\"flex-basis:100%\">\n<div class=\"wp-block-columns is-layout-flex wp-container-core-columns-is-layout-9d6595d7 wp-block-columns-is-layout-flex\">\n<div class=\"wp-block-column is-layout-flow wp-block-column-is-layout-flow\" style=\"flex-basis:100%\">\n<div class=\"wp-block-columns is-layout-flex wp-container-core-columns-is-layout-9d6595d7 wp-block-columns-is-layout-flex\">\n<div class=\"wp-block-column is-layout-flow wp-block-column-is-layout-flow\" style=\"flex-basis:66.66%\">\n<figure class=\"wp-block-image size-full is-resized is-style-default\"><img fetchpriority=\"high\" decoding=\"async\" src=\"https:\/\/www.baymro.com\/wp-content\/uploads\/2021\/03\/Fight-against-Covid-19-Baymro-Safety-is-with-you.jpg\" alt=\"Lucha contra Covid-19, Baymro Safety est\u00e1 contigo\" class=\"wp-image-4516\" width=\"530\" height=\"300\"\/><figcaption>Lucha contra Covid-19, Baymro Safety est\u00e1 contigo<\/figcaption><\/figure>\n<\/div>\n\n\n\n<div class=\"wp-block-column is-layout-flow wp-block-column-is-layout-flow\" style=\"flex-basis:33.33%\">\n<p class=\"has-text-align-center\"><strong>Qui\u00e9nes somos<\/strong><\/p>\n\n\n\n<p><strong>Nosotros, <span class=\"has-inline-color has-vivid-green-cyan-color\">Baymro Safety China<\/span>Inicio<span class=\"has-inline-color has-vivid-green-cyan-color\"> Proveedor de EPI<\/span> a proveedor de MRO desde 2005.<\/strong><\/p>\n\n\n\n<p><strong>Como uno de los principales fabricantes y exportadores de EPI de China, ofrecemos a nuestros importadores\/distribuidores\/socios un suministro fiable de EPI y un precio moderado. <\/strong><\/p>\n<\/div>\n<\/div>\n<\/div>\n<\/div>\n<\/div>\n<\/div>\n\n\n\n<div class=\"wp-block-columns is-layout-flex wp-container-core-columns-is-layout-9d6595d7 wp-block-columns-is-layout-flex\">\n<div class=\"wp-block-column is-layout-flow wp-block-column-is-layout-flow\" style=\"flex-basis:66.66%\">\n<div class=\"wp-block-image\"><figure class=\"aligncenter size-full is-resized\"><img decoding=\"async\" src=\"https:\/\/www.baymro.com\/wp-content\/uploads\/2021\/03\/PPE-logos.jpg\" alt=\"PPE y su socio de marca\" class=\"wp-image-4521\" width=\"530\" height=\"300\" srcset=\"https:\/\/www.baymro.com\/wp-content\/uploads\/2021\/03\/PPE-logos.jpg 1502w, https:\/\/www.baymro.com\/wp-content\/uploads\/2021\/03\/PPE-logos-300x170.jpg 300w, https:\/\/www.baymro.com\/wp-content\/uploads\/2021\/03\/PPE-logos-1024x579.jpg 1024w, https:\/\/www.baymro.com\/wp-content\/uploads\/2021\/03\/PPE-logos-768x435.jpg 768w, https:\/\/www.baymro.com\/wp-content\/uploads\/2021\/03\/PPE-logos-148x84.jpg 148w, https:\/\/www.baymro.com\/wp-content\/uploads\/2021\/03\/PPE-logos-31x18.jpg 31w, https:\/\/www.baymro.com\/wp-content\/uploads\/2021\/03\/PPE-logos-38x22.jpg 38w, https:\/\/www.baymro.com\/wp-content\/uploads\/2021\/03\/PPE-logos-380x215.jpg 380w, https:\/\/www.baymro.com\/wp-content\/uploads\/2021\/03\/PPE-logos-68x38.jpg 68w\" sizes=\"(max-width: 530px) 100vw, 530px\" \/><figcaption>PPE y su socio de marca<\/figcaption><\/figure><\/div>\n<\/div>\n\n\n\n<div class=\"wp-block-column is-layout-flow wp-block-column-is-layout-flow\" style=\"flex-basis:33.33%\">\n<p class=\"has-text-align-center\"><strong>Nuestros socios<\/strong><\/p>\n\n\n\n<p><strong>BAYMRO ofrece servicios flexibles y<span class=\"has-inline-color has-vivid-green-cyan-color\"> soluciones de EPI llave en mano<\/span> que permiten a los clientes delegar tareas vitales del proyecto. Nuestros experimentados y cualificados profesionales permiten a los clientes concentrarse en otras \u00e1reas del proyecto, sabiendo que el ciclo de contrataci\u00f3n est\u00e1 en buenas manos.<\/strong><\/p>\n<\/div>\n<\/div>\n\n\n\n<p><\/p>\n\n\n\n<div class=\"wp-block-columns is-layout-flex wp-container-core-columns-is-layout-9d6595d7 wp-block-columns-is-layout-flex\">\n<div class=\"wp-block-column is-layout-flow wp-block-column-is-layout-flow\" style=\"flex-basis:66.66%\">\n<figure class=\"wp-block-image size-full is-resized is-style-default\"><img decoding=\"async\" src=\"https:\/\/www.baymro.com\/wp-content\/uploads\/2021\/03\/PPE-items.jpg\" alt=\"Proveedor de EPI en China\" class=\"wp-image-4520\" width=\"530\" height=\"300\" srcset=\"https:\/\/www.baymro.com\/wp-content\/uploads\/2021\/03\/PPE-items.jpg 1502w, https:\/\/www.baymro.com\/wp-content\/uploads\/2021\/03\/PPE-items-300x170.jpg 300w, https:\/\/www.baymro.com\/wp-content\/uploads\/2021\/03\/PPE-items-1024x579.jpg 1024w, https:\/\/www.baymro.com\/wp-content\/uploads\/2021\/03\/PPE-items-768x435.jpg 768w, https:\/\/www.baymro.com\/wp-content\/uploads\/2021\/03\/PPE-items-148x84.jpg 148w, https:\/\/www.baymro.com\/wp-content\/uploads\/2021\/03\/PPE-items-31x18.jpg 31w, https:\/\/www.baymro.com\/wp-content\/uploads\/2021\/03\/PPE-items-38x22.jpg 38w, https:\/\/www.baymro.com\/wp-content\/uploads\/2021\/03\/PPE-items-380x215.jpg 380w, https:\/\/www.baymro.com\/wp-content\/uploads\/2021\/03\/PPE-items-68x38.jpg 68w\" sizes=\"(max-width: 530px) 100vw, 530px\" \/><figcaption>Proveedor de EPI en China<\/figcaption><\/figure>\n<\/div>\n\n\n\n<div class=\"wp-block-column is-layout-flow wp-block-column-is-layout-flow\" style=\"flex-basis:33.33%\">\n<p class=\"has-text-align-center\"><strong>Qu\u00e9 suministramos<\/strong><\/p>\n\n\n\n<p><strong>Consulte<span class=\"has-inline-color has-vivid-green-cyan-color\"> Cara y cabeza <\/span>Protecci\u00f3n,<span class=\"has-inline-color has-vivid-green-cyan-color\"> Ojo<\/span> Protecci\u00f3n, <span class=\"has-inline-color has-vivid-green-cyan-color\">Respiratorio<\/span> Protecci\u00f3n, <span class=\"has-inline-color has-vivid-green-cyan-color\">Cuerpo<\/span> Protecci\u00f3n, <span class=\"has-inline-color has-vivid-green-cyan-color\">Mano<\/span> Protecci\u00f3n, <span class=\"has-inline-color has-vivid-green-cyan-color\">Pie <\/span>Protecci\u00f3n, <span class=\"has-inline-color has-vivid-green-cyan-color\">Oto\u00f1o <\/span>Protecci\u00f3n, <span class=\"has-inline-color has-vivid-green-cyan-color\">Equipo de primeros auxilios y emergencia<\/span>,<span class=\"has-inline-color has-vivid-green-cyan-color\"> Sistema de contenci\u00f3n de seguridad<\/span>,&nbsp; <span class=\"has-inline-color has-vivid-green-cyan-color\">Control de vertidos<\/span> y Gesti\u00f3n, <span class=\"has-inline-color has-vivid-green-cyan-color\">Examen medioambiental <\/span>Equipamiento, <span class=\"has-inline-color has-vivid-green-cyan-color\">Equipo de aviso<\/span> etc.<\/strong><\/p>\n<\/div>\n<\/div>\n\n\n\n<div class=\"wp-block-columns is-layout-flex wp-container-core-columns-is-layout-9d6595d7 wp-block-columns-is-layout-flex\">\n<div class=\"wp-block-column is-layout-flow wp-block-column-is-layout-flow\" style=\"flex-basis:66.66%\">\n<figure class=\"wp-block-image size-full is-resized is-style-default\"><img loading=\"lazy\" decoding=\"async\" src=\"https:\/\/www.baymro.com\/wp-content\/uploads\/2021\/03\/UN-PPE-projects-records.jpg\" alt=\"Registros de proyectos EPP de la ONU\" class=\"wp-image-4523\" width=\"530\" height=\"300\"\/><figcaption>Registros de proyectos EPP de la ONU<\/figcaption><\/figure>\n<\/div>\n\n\n\n<div class=\"wp-block-column is-layout-flow wp-block-column-is-layout-flow\" style=\"flex-basis:33.33%\">\n<p class=\"has-text-align-center\"><strong><span class=\"has-inline-color has-vivid-green-cyan-color\">Soluciones de EPI llave en mano<\/span><\/strong><\/p>\n\n\n\n<p><strong><br>BAYMRO siempre ha proporcionado a sus clientes un servicio puntual y de gran valor, a precios competitivos. <\/strong><\/p>\n\n\n\n<p><strong><span class=\"has-inline-color has-vivid-green-cyan-color\">Producto Alethernative PPE<\/span>s cumplen la normativa CE\/ANSI\/GB sin comprometer la calidad.<\/strong><\/p>\n<\/div>\n<\/div>\n\n\n\n<div class=\"wp-block-columns is-layout-flex wp-container-core-columns-is-layout-9d6595d7 wp-block-columns-is-layout-flex\">\n<div class=\"wp-block-column is-layout-flow wp-block-column-is-layout-flow\" style=\"flex-basis:66.66%\">\n<figure class=\"wp-block-image size-full is-resized is-style-default\"><img loading=\"lazy\" decoding=\"async\" src=\"https:\/\/www.baymro.com\/wp-content\/uploads\/2021\/03\/Baymro-Safety-ISO-9001-Certificates.jpg\" alt=\"Baymro Safety ISO 9001 y certificados\" class=\"wp-image-4515\" width=\"530\" height=\"300\" srcset=\"https:\/\/www.baymro.com\/wp-content\/uploads\/2021\/03\/Baymro-Safety-ISO-9001-Certificates.jpg 1502w, https:\/\/www.baymro.com\/wp-content\/uploads\/2021\/03\/Baymro-Safety-ISO-9001-Certificates-300x170.jpg 300w, https:\/\/www.baymro.com\/wp-content\/uploads\/2021\/03\/Baymro-Safety-ISO-9001-Certificates-1024x579.jpg 1024w, https:\/\/www.baymro.com\/wp-content\/uploads\/2021\/03\/Baymro-Safety-ISO-9001-Certificates-768x435.jpg 768w, https:\/\/www.baymro.com\/wp-content\/uploads\/2021\/03\/Baymro-Safety-ISO-9001-Certificates-148x84.jpg 148w, https:\/\/www.baymro.com\/wp-content\/uploads\/2021\/03\/Baymro-Safety-ISO-9001-Certificates-31x18.jpg 31w, https:\/\/www.baymro.com\/wp-content\/uploads\/2021\/03\/Baymro-Safety-ISO-9001-Certificates-38x22.jpg 38w, https:\/\/www.baymro.com\/wp-content\/uploads\/2021\/03\/Baymro-Safety-ISO-9001-Certificates-380x215.jpg 380w, https:\/\/www.baymro.com\/wp-content\/uploads\/2021\/03\/Baymro-Safety-ISO-9001-Certificates-68x38.jpg 68w\" sizes=\"(max-width: 530px) 100vw, 530px\" \/><figcaption>Baymro Safety ISO 9001 y certificados<\/figcaption><\/figure>\n<\/div>\n\n\n\n<div class=\"wp-block-column is-layout-flow wp-block-column-is-layout-flow\" style=\"flex-basis:33.33%\">\n<p class=\"has-text-align-center\"><strong>Proveedor de EPI verificado seg\u00fan la norma ISO 9001:2015 por Intertek<\/strong><\/p>\n\n\n\n<p><strong>Nuestra empresa ha obtenido el \"Permiso Nacional de Producci\u00f3n Industrial\", el \"Certificado de Se\u00f1ales de Seguridad de Protecci\u00f3n Laboral Especial\" y el certificado CE, as\u00ed como el <span class=\"has-inline-color has-vivid-green-cyan-color\">ISO9001:2015 <\/span>Certificado internacional de sistema de calidad<span class=\"has-inline-color has-vivid-green-cyan-color\"> por Intertek<\/span>.<\/strong><\/p>\n<\/div>\n<\/div>\n\n\n\n<div class=\"wp-block-columns is-layout-flex wp-container-core-columns-is-layout-9d6595d7 wp-block-columns-is-layout-flex\">\n<div class=\"wp-block-column is-layout-flow wp-block-column-is-layout-flow\" style=\"flex-basis:66.66%\">\n<figure class=\"wp-block-image size-full is-resized is-style-default\"><img loading=\"lazy\" decoding=\"async\" src=\"https:\/\/www.baymro.com\/wp-content\/uploads\/2013\/04\/new-logo1.jpg\" alt=\"baymro PPE proveedor China\" class=\"wp-image-3208\" width=\"530\" height=\"300\"\/><figcaption>baymro PPE proveedor China<\/figcaption><\/figure>\n<\/div>\n\n\n\n<div class=\"wp-block-column is-vertically-aligned-center is-layout-flow wp-block-column-is-layout-flow\" style=\"flex-basis:33.33%\">\n<p><strong>Lo hacemos <span class=\"has-inline-color has-vivid-green-cyan-color\">EHS<\/span>sabemos que el <span class=\"has-inline-color has-vivid-green-cyan-color\">Normas sobre EPI<\/span>.<\/strong><\/p>\n<\/div>\n<\/div>","protected":false},"excerpt":{"rendered":"<p>Who We Are We, Baymro Safety China, start PPE supplier to MRO supplier since 2005. As one of the leading PPE manufacturers and exporters in China, we bring our importers\/distribtors\/partners reliable PPE supply and moderate price. Our Partners BAYMRO offers flexible and turn-key PPE solutions that enable clients to delegate vital project tasks. Our Experienced [&hellip;]<\/p>","protected":false},"author":1,"featured_media":0,"parent":0,"menu_order":0,"comment_status":"closed","ping_status":"open","template":"","meta":{"_monsterinsights_skip_tracking":false,"_monsterinsights_sitenote_active":false,"_monsterinsights_sitenote_note":"","_monsterinsights_sitenote_category":0,"footnotes":""},"class_list":["post-3468","page","type-page","status-publish","hentry"],"jetpack_sharing_enabled":true,"_links":{"self":[{"href":"https:\/\/www.baymro.com\/es\/wp-json\/wp\/v2\/pages\/3468","targetHints":{"allow":["GET"]}}],"collection":[{"href":"https:\/\/www.baymro.com\/es\/wp-json\/wp\/v2\/pages"}],"about":[{"href":"https:\/\/www.baymro.com\/es\/wp-json\/wp\/v2\/types\/page"}],"author":[{"embeddable":true,"href":"https:\/\/www.baymro.com\/es\/wp-json\/wp\/v2\/users\/1"}],"replies":[{"embeddable":true,"href":"https:\/\/www.baymro.com\/es\/wp-json\/wp\/v2\/comments?post=3468"}],"version-history":[{"count":5,"href":"https:\/\/www.baymro.com\/es\/wp-json\/wp\/v2\/pages\/3468\/revisions"}],"predecessor-version":[{"id":6710,"href":"https:\/\/www.baymro.com\/es\/wp-json\/wp\/v2\/pages\/3468\/revisions\/6710"}],"wp:attachment":[{"href":"https:\/\/www.baymro.com\/es\/wp-json\/wp\/v2\/media?parent=3468"}],"curies":[{"name":"wp","href":"https:\/\/api.w.org\/{rel}","templated":true}]}}