{"id":78,"date":"2011-03-27T22:00:49","date_gmt":"2011-03-27T22:00:49","guid":{"rendered":"http:\/\/www.mareluna.it\/tf\/kassyopea\/?page_id=78"},"modified":"2013-10-14T16:40:14","modified_gmt":"2013-10-14T16:40:14","slug":"faq","status":"publish","type":"page","link":"https:\/\/www.baymro.com\/de\/corporate\/faq\/","title":{"rendered":"Faq"},"content":{"rendered":"<h2>Erste Schritte<\/h2>\n<div class=\"toggle\">\n            \t<p class=\"tab-index tab-opened\"><a href=\"#\" title=\"Schlie\u00dfen Sie\" class=\"opened\">Wie findet man einen zuverl\u00e4ssigen PSA-Lieferanten mit gutem Preis?<\/a><\/p>\n\t\t\t\t<div class=\"content-tab opened\">\n\t\t\t\t\t<div class=\"arrow\">&nbsp;<\/div>\n\t\t\t\t\t<div class=\"content\"><p>Die Suche nach einem zuverl\u00e4ssigen PSA-Lieferanten (Pers\u00f6nliche Schutzausr\u00fcstung) zu einem guten Preis erfordert einige Nachforschungen und Sorgfalt. Hier sind einige Schritte, die Sie befolgen k\u00f6nnen, um einen vertrauensw\u00fcrdigen Lieferanten zu finden:<\/p>\n<ol>\n<li><strong>Online-Forschung<\/strong>: Beginnen Sie mit einer Online-Recherche \u00fcber PSA-Anbieter. Suchen Sie nach seri\u00f6sen Unternehmen, die nachweislich Qualit\u00e4tsprodukte liefern. \u00dcberpr\u00fcfen Sie deren Websites, Kundenrezensionen und eventuelle Zertifizierungen, die sie besitzen.<\/li>\n<li><strong>Lieferantenverzeichnisse pr\u00fcfen<\/strong>: Es gibt verschiedene Lieferantenverzeichnisse und Handelsplattformen, auf denen Sie eine Liste von PSA-Lieferanten finden k\u00f6nnen. Websites wie Alibaba und Made-in-China sind einige Beispiele.<\/li>\n<li><strong>\u00dcberpr\u00fcfen von Zertifizierungen und Konformit\u00e4t<\/strong>: Vergewissern Sie sich, dass der Lieferant die einschl\u00e4gigen Sicherheitsstandards und Zertifizierungen f\u00fcr PSA einh\u00e4lt. Je nach Standort und Art der PSA, die Sie ben\u00f6tigen, sind m\u00f6glicherweise bestimmte Vorschriften zu erf\u00fcllen.<\/li>\n<li><strong>Muster anfordern<\/strong>: Bevor Sie eine gro\u00dfe Bestellung aufgeben, sollten Sie Muster der PSA-Produkte anfordern, an denen Sie interessiert sind. So k\u00f6nnen Sie die Qualit\u00e4t und die Eignung der Artikel beurteilen.<\/li>\n<li><strong>Mehrere Angebote einholen<\/strong>: Wenden Sie sich an mehrere Lieferanten und fordern Sie Angebote f\u00fcr die von Ihnen ben\u00f6tigten PSA-Produkte an. Vergleichen Sie die Preise, aber ber\u00fccksichtigen Sie auch andere Faktoren wie Versandkosten, Lieferzeiten und Kundendienst.<\/li>\n<li><strong>Referenzen pr\u00fcfen<\/strong>: Fragen Sie den Anbieter nach Referenzen oder Erfahrungsberichten fr\u00fcherer Kunden. Wenden Sie sich an diese Referenzen, um eine R\u00fcckmeldung \u00fcber ihre Erfahrungen mit dem Anbieter zu erhalten.<\/li>\n<li><strong>Klar und deutlich kommunizieren<\/strong>: Nehmen Sie eine klare Kommunikation mit dem Lieferanten auf. Stellen Sie Fragen zum Produktionsprozess, zu den Qualit\u00e4tskontrollma\u00dfnahmen und zu den Zahlungsbedingungen.<\/li>\n<li><strong>Besuchen Sie den Lieferanten (wenn m\u00f6glich)<\/strong>: Falls m\u00f6glich, sollten Sie den Betrieb des Lieferanten besuchen, um sich ein Bild von den Abl\u00e4ufen zu machen und das Team pers\u00f6nlich zu treffen. Dies kann wertvolle Einblicke in seine F\u00e4higkeiten und Zuverl\u00e4ssigkeit geben.<\/li>\n<li><strong>Vorsicht vor Betrug<\/strong>: Seien Sie vorsichtig bei Anbietern, deren Preise deutlich unter dem Marktdurchschnitt liegen. Wenn ein Angebot zu gut klingt, um wahr zu sein, k\u00f6nnte dies ein Warnzeichen f\u00fcr potenziellen Betrug sein.<\/li>\n<li><strong>Vertragsbedingungen verhandeln<\/strong>: Sobald Sie einen zuverl\u00e4ssigen Lieferanten gefunden haben, verhandeln Sie die Vertragsbedingungen, einschlie\u00dflich der Zahlungsbedingungen, des Lieferplans und der Qualit\u00e4tsgarantie.<\/li>\n<li><strong>Beginnen Sie mit einer kleinen Bestellung<\/strong>: Um die Risiken zu minimieren, sollten Sie zun\u00e4chst mit einer kleinen Bestellung beginnen, um die Leistungsf\u00e4higkeit des Lieferanten zu testen, bevor Sie sich zu gr\u00f6\u00dferen Mengen verpflichten.<\/li>\n<li><strong>Leistung \u00fcberwachen<\/strong>: Verfolgen Sie auch nach Abschluss des Gesch\u00e4fts die Leistung des Lieferanten, um sicherzustellen, dass er eine gleichbleibende Qualit\u00e4t und p\u00fcnktliche Lieferungen gew\u00e4hrleistet.<\/li>\n<\/ol>\n<p>Denken Sie daran, dass es f\u00fcr die Sicherheit Ihrer Mitarbeiter oder Kunden entscheidend ist, einen zuverl\u00e4ssigen PSA-Lieferanten zu finden. Nehmen Sie sich daher die Zeit, potenzielle Lieferanten gr\u00fcndlich zu pr\u00fcfen, bevor Sie eine Entscheidung treffen.<\/p>\n<\/div>\n\t\t\t\t<\/div>\t\n\t\t\t<\/div><div class=\"toggle\">\n            \t<p class=\"tab-index tab-opened\"><a href=\"#\" title=\"\u00d6ffnen Sie\" class=\"\">Was wir tun?<\/a><\/p>\n\t\t\t\t<div class=\"content-tab\">\n\t\t\t\t\t<div class=\"arrow\">&nbsp;<\/div>\n\t\t\t\t\t<div class=\"content\"><div class=\"msg-info\">\n<div class=\"msg-info-name\">ChatGPT<\/div>\n<div class=\"msg-info-time\"><\/div>\n<\/div>\n<div id=\"8ef7e0ca-b93d-427d-8c19-9944f6f41eb7\" class=\"msg-text\">Als AI-Sprachmodell bin ich nicht in der Lage, Meinungen oder Bewertungen \u00fcber Unternehmen abzugeben. Ich kann Ihnen jedoch einige allgemeine Informationen \u00fcber Baymro Safety China geben:<\/p>\n<p>Baymro Safety China ist ein Unternehmen, das sich auf die Entwicklung, Herstellung und den Vertrieb von pers\u00f6nlicher Schutzausr\u00fcstung (PSA) f\u00fcr verschiedene Branchen spezialisiert hat. Zu den Produkten geh\u00f6ren Schutzkleidung, Sicherheitshandschuhe, Augenschutz, Atemschutz und vieles mehr. Das Unternehmen hat sich zum Ziel gesetzt, seinen Kunden weltweit qualitativ hochwertige PSA zu liefern, und unterh\u00e4lt Partnerschaften mit verschiedenen internationalen Marken. Baymro Safety China bietet auch ma\u00dfgeschneiderte L\u00f6sungen f\u00fcr die Bed\u00fcrfnisse und Anforderungen der Kunden an.<\/p><\/div>\n<\/div>\n\t\t\t\t<\/div>\t\n\t\t\t<\/div><div class=\"toggle\">\n            \t<p class=\"tab-index tab-opened\"><a href=\"#\" title=\"\u00d6ffnen Sie\" class=\"\">Wie findet man den besten PSA-Lieferanten in China?<\/a><\/p>\n\t\t\t\t<div class=\"content-tab\">\n\t\t\t\t\t<div class=\"arrow\">&nbsp;<\/div>\n\t\t\t\t\t<div class=\"content\"><div class=\"msg-info\">\n<div class=\"msg-info-name\">ChatGPT<\/div>\n<div class=\"msg-info-time\"><\/div>\n<\/div>\n<div id=\"9c2f2440-b700-41e8-bed7-13d9fdaddb6e\" class=\"msg-text\">1. Recherchieren und \u00fcberpr\u00fcfen: Beginnen Sie mit der Online-Recherche \u00fcber den Anbieter und \u00fcberpr\u00fcfen Sie seine Referenzen. \u00dcberpr\u00fcfen Sie die Website, Bewertungen und Erfahrungsberichte fr\u00fcherer Kunden, Zertifizierungen und Lizenzen, um sicherzustellen, dass es sich um einen seri\u00f6sen PSA-Lieferanten in China handelt.<\/p>\n<p>2. Pr\u00fcfen Sie die Produktionskapazit\u00e4t: Vergewissern Sie sich, dass der Lieferant \u00fcber ausreichende Produktionskapazit\u00e4ten verf\u00fcgt, um Ihre Anforderungen zu erf\u00fcllen. \u00dcberpr\u00fcfen Sie die Produktionsst\u00e4tte, die Maschinen und die Mitarbeiter, um sicherzustellen, dass sie die Kapazit\u00e4t haben, Ihren Auftrag zu erf\u00fcllen.<\/p>\n<p>3. Qualit\u00e4tskontrolle: Suchen Sie einen Lieferanten, der \u00fcber ein solides Qualit\u00e4tskontrollsystem verf\u00fcgt. Achten Sie darauf, dass er internationale Normen und Vorschriften einh\u00e4lt.<\/p>\n<p>4. Kommunikation: Kommunikation ist der Schl\u00fcssel zu einer erfolgreichen Gesch\u00e4ftsbeziehung. W\u00e4hlen Sie einen Lieferanten, der klar und effektiv in Ihrer Sprache kommunizieren kann und der auf Ihre Fragen eingeht.<\/p>\n<p>5. Vorlaufzeiten: Ber\u00fccksichtigen Sie bei Ihrer Entscheidung die Lieferzeiten des Lieferanten. Vergewissern Sie sich, dass er die ben\u00f6tigten Mengen innerhalb des von Ihnen gew\u00fcnschten Zeitrahmens liefern kann.<\/p>\n<p>6. Preis und Zahlungsbedingungen: Der Preis ist wichtig, aber er sollte nicht der einzige Faktor sein, den Sie ber\u00fccksichtigen. Suchen Sie nach einem Anbieter, der faire Preise und flexible Zahlungsbedingungen anbietet, die Ihnen entgegenkommen.<\/p>\n<p>7. Die Logistik: Vergewissern Sie sich schlie\u00dflich, dass der Lieferant die Logistik effizient handhaben kann. Er sollte in der Lage sein, den Versand, die Zollabfertigung und die Lieferung an Ihren Standort zu organisieren.<\/p>\n<p>Wenn Sie diese Schritte befolgen, k\u00f6nnen Sie einen zuverl\u00e4ssigen PSA-Lieferanten in China finden, der Ihnen hochwertige PSA-Produkte liefern kann, die Ihren Anforderungen entsprechen.<\/p><\/div>\n<div><\/div>\n<div>Wir hoffen, dass BAYMRO Safety Ihr zuverl\u00e4ssiger PSA-Lieferant in China sein kann.<\/div>\n<\/div>\n\t\t\t\t<\/div>\t\n\t\t\t<\/div><div class=\"toggle\">\n            \t<p class=\"tab-index tab-opened\"><a href=\"#\" title=\"\u00d6ffnen Sie\" class=\"\">K\u00f6nnen Sie PSA-Artikel gegen eine Covid-2019-Pandemie liefern?<\/a><\/p>\n\t\t\t\t<div class=\"content-tab\">\n\t\t\t\t\t<div class=\"arrow\">&nbsp;<\/div>\n\t\t\t\t\t<div class=\"content\"><p>Ja, wir k\u00f6nnen die unten aufgef\u00fchrten PSA-Artikel liefern,<\/p>\n<p>Einweg-Antibeschlag-Gesichtsschutz, N95-Masken, FFP2-Masken, FFP3-Masken, KN95-Masken, Antibeschlag-Schutzbrillen, Einweg-Nitrilhandschuhe, EN 14126-Einweg-Industrieoveralls, GB19082-2009-Einweg-Medizinoveralls, Vlies-Kittel, Vlies-Kopfschutz, Vlies-Schuhschutz, Leichensack, etc.<\/p>\n<p>&nbsp;<\/p>\n<p>Baymro Sicherheit China 2020<\/p>\n<\/div>\n\t\t\t\t<\/div>\t\n\t\t\t<\/div><div class=\"toggle\">\n            \t<p class=\"tab-index tab-opened\"><a href=\"#\" title=\"\u00d6ffnen Sie\" class=\"\">Sind alle PSA-Produkte auf Ihrer Website aufgef\u00fchrt?<\/a><\/p>\n\t\t\t\t<div class=\"content-tab\">\n\t\t\t\t\t<div class=\"arrow\">&nbsp;<\/div>\n\t\t\t\t\t<div class=\"content\"><p align=\"left\">Sicherlich haben wir nicht alle Produkte aufgelistet, unser Gesch\u00e4ft bezieht sich auf PSA- und MRO-Serien; lassen Sie uns einfach wissen, wonach Sie suchen.<\/p>\n<p align=\"left\">Wir machen EHS, wir kennen den Markt.<\/p>\n<p>&nbsp;<\/p>\n<p>&nbsp;<\/p>\n<p>Baymro Sicherheit China<\/p>\n<\/div>\n\t\t\t\t<\/div>\t\n\t\t\t<\/div><div class=\"toggle\">\n            \t<p class=\"tab-index tab-opened\"><a href=\"#\" title=\"\u00d6ffnen Sie\" class=\"\">Baldige R\u00fcckmeldung per E-Mail?<\/a><\/p>\n\t\t\t\t<div class=\"content-tab\">\n\t\t\t\t\t<div class=\"arrow\">&nbsp;<\/div>\n\t\t\t\t\t<div class=\"content\"><p align=\"left\">Ja, eine E-Mail-Antwort innerhalb von 24 Stunden mit anschlie\u00dfender telefonischer Kontaktaufnahme ist erforderlich.<\/p>\n<p>\u00a0Baymro Sicherheit China<\/p>\n<\/div>\n\t\t\t\t<\/div>\t\n\t\t\t<\/div><div class=\"toggle\">\n            \t<p class=\"tab-index tab-opened\"><a href=\"#\" title=\"\u00d6ffnen Sie\" class=\"\">Proben m\u00f6glich\uff1f<\/a><\/p>\n\t\t\t\t<div class=\"content-tab\">\n\t\t\t\t\t<div class=\"arrow\">&nbsp;<\/div>\n\t\t\t\t\t<div class=\"content\"><p>Sicher, Muster sind erh\u00e4ltlich.<\/p>\n<p>Wir bevorzugen den Erhalt der <strong>Mustergeb\u00fchr &amp; Fracht<\/strong> au\u00dferdem im Voraus, <span style=\"color: #000000;\">Proben<\/span> <span style=\"color: #000000;\">Geb\u00fchr<\/span> wird von der folgenden Reihenfolge abgezogen.<\/p>\n<p>&nbsp;<\/p>\n<p>Baymro Sicherheit China<\/p>\n<\/div>\n\t\t\t\t<\/div>\t\n\t\t\t<\/div><div class=\"toggle\">\n            \t<p class=\"tab-index tab-opened\"><a href=\"#\" title=\"\u00d6ffnen Sie\" class=\"\">Der niedrigste Preis in China?<\/a><\/p>\n\t\t\t\t<div class=\"content-tab\">\n\t\t\t\t\t<div class=\"arrow\">&nbsp;<\/div>\n\t\t\t\t\t<div class=\"content\"><p align=\"left\">Gute Frage.<\/p>\n<p align=\"left\">Nicht die niedrigsten, aber konkurrenzf\u00e4hig.<\/p>\n<p align=\"left\">Die Leute sagten, <i>Sie bekommen, wof\u00fcr Sie bezahlen.<\/i><\/p>\n<p>&nbsp;<\/p>\n<p>Baymro Sicherheit China<\/p>\n<\/div>\n\t\t\t\t<\/div>\t\n\t\t\t<\/div><div class=\"toggle\">\n            \t<p class=\"tab-index tab-opened\"><a href=\"#\" title=\"\u00d6ffnen Sie\" class=\"\">Gute Qualit\u00e4t?<\/a><\/p>\n\t\t\t\t<div class=\"content-tab\">\n\t\t\t\t\t<div class=\"arrow\">&nbsp;<\/div>\n\t\t\t\t\t<div class=\"content\"><p align=\"left\">Sicher, Qualit\u00e4t ist alles, und alles ist Qualit\u00e4t.<\/p>\n<p align=\"left\">Wir erhalten sehr gute R\u00fcckmeldungen von unseren Endkunden aus dem In- und Ausland. Wir garantieren die Qualit\u00e4t und Sie k\u00f6nnen volles Geld zur\u00fcckbekommen, wenn es irgendeinen Fehler gibt.<\/p>\n<p align=\"left\">\n<p align=\"left\">Baymro Sicherheit China<\/p>\n<\/div>\n\t\t\t\t<\/div>\t\n\t\t\t<\/div><div class=\"toggle\">\n            \t<p class=\"tab-index tab-opened\"><a href=\"#\" title=\"\u00d6ffnen Sie\" class=\"\">Welcher Art von Gesch\u00e4ft gehen Sie nach?<\/a><\/p>\n\t\t\t\t<div class=\"content-tab\">\n\t\t\t\t\t<div class=\"arrow\">&nbsp;<\/div>\n\t\t\t\t\t<div class=\"content\"><p align=\"left\">Wir erbringen OEM-PSA-Dienstleistungen und importieren und exportieren bekannte Markenprodukte, wie z. B. Honeywell.<\/p>\n<p>&nbsp;<\/p>\n<p>Baymro Sicherheit China<\/p>\n<\/div>\n\t\t\t\t<\/div>\t\n\t\t\t<\/div><div class=\"toggle\">\n            \t<p class=\"tab-index tab-opened\"><a href=\"#\" title=\"\u00d6ffnen Sie\" class=\"\">Warum w\u00e4hlt ein multinationaler Konzern auch die Baymro als Lieferant?<\/a><\/p>\n\t\t\t\t<div class=\"content-tab\">\n\t\t\t\t\t<div class=\"arrow\">&nbsp;<\/div>\n\t\t\t\t\t<div class=\"content\"><p><strong><em>Wir haben das richtige Produkt ausgew\u00e4hlt, um die t\u00e4glichen EHS-Anforderungen zu erf\u00fcllen.<\/em><\/strong><\/p>\n<p><strong><em>Unser Ziel im Umgang mit den Anforderungen unserer Kunden ist es, EHS einfach zu gestalten.<\/em><\/strong><\/p>\n<p><strong><em>Wir machen EHS, wir kennen den Markt.<\/em><\/strong><\/p>\n<\/div>\n\t\t\t\t<\/div>\t\n\t\t\t<\/div>","protected":false},"excerpt":{"rendered":"<p>Erste Schritte<\/p>","protected":false},"author":1,"featured_media":0,"parent":46,"menu_order":0,"comment_status":"closed","ping_status":"open","template":"","meta":{"_monsterinsights_skip_tracking":false,"_monsterinsights_sitenote_active":false,"_monsterinsights_sitenote_note":"","_monsterinsights_sitenote_category":0,"footnotes":""},"class_list":["post-78","page","type-page","status-publish","hentry"],"jetpack_sharing_enabled":true,"_links":{"self":[{"href":"https:\/\/www.baymro.com\/de\/wp-json\/wp\/v2\/pages\/78","targetHints":{"allow":["GET"]}}],"collection":[{"href":"https:\/\/www.baymro.com\/de\/wp-json\/wp\/v2\/pages"}],"about":[{"href":"https:\/\/www.baymro.com\/de\/wp-json\/wp\/v2\/types\/page"}],"author":[{"embeddable":true,"href":"https:\/\/www.baymro.com\/de\/wp-json\/wp\/v2\/users\/1"}],"replies":[{"embeddable":true,"href":"https:\/\/www.baymro.com\/de\/wp-json\/wp\/v2\/comments?post=78"}],"version-history":[{"count":16,"href":"https:\/\/www.baymro.com\/de\/wp-json\/wp\/v2\/pages\/78\/revisions"}],"predecessor-version":[{"id":6355,"href":"https:\/\/www.baymro.com\/de\/wp-json\/wp\/v2\/pages\/78\/revisions\/6355"}],"up":[{"embeddable":true,"href":"https:\/\/www.baymro.com\/de\/wp-json\/wp\/v2\/pages\/46"}],"wp:attachment":[{"href":"https:\/\/www.baymro.com\/de\/wp-json\/wp\/v2\/media?parent=78"}],"curies":[{"name":"wp","href":"https:\/\/api.w.org\/{rel}","templated":true}]}}